{"id":10,"date":"2025-02-10T10:50:48","date_gmt":"2025-02-10T10:50:48","guid":{"rendered":"https:\/\/www.sushiladen.ch\/Sushi\/?page_id=10"},"modified":"2026-03-18T20:24:15","modified_gmt":"2026-03-18T20:24:15","slug":"home","status":"publish","type":"page","link":"https:\/\/www.sushiladen.ch\/Sushi\/","title":{"rendered":"Home"},"content":{"rendered":"\n<h1 class=\"wp-block-heading alignwide has-text-align-center has-palette-color-2-color has-text-color has-link-color has-large-font-size wp-elements-514493f08a200e68ab3cc47c0a741fcf\">Willkommen im SushiLaden<\/h1>\n\n\n\n<figure class=\"wp-block-image aligncenter size-full is-resized\"><img loading=\"lazy\" decoding=\"async\" width=\"480\" height=\"182\" src=\"https:\/\/www.sushiladen.ch\/Sushi\/wp-content\/uploads\/2025\/02\/Logo_final.png\" alt=\"\" class=\"wp-image-63\" style=\"width:332px;height:auto\" srcset=\"https:\/\/www.sushiladen.ch\/Sushi\/wp-content\/uploads\/2025\/02\/Logo_final.png 480w, https:\/\/www.sushiladen.ch\/Sushi\/wp-content\/uploads\/2025\/02\/Logo_final-300x114.png 300w\" sizes=\"auto, (max-width: 480px) 100vw, 480px\" \/><\/figure>\n\n\n\n<hr class=\"wp-block-separator has-alpha-channel-opacity is-style-wide\"\/>\n\n\n\n<p class=\"has-palette-color-3-color has-text-color has-link-color wp-elements-96ea322c2ec37e06f6e0cb825697de65\">Da wir kein Restaurant sind, fertigen wir Sushi nur auf Vorbestellung und zum Abholen an. Bei gr\u00f6\u00dferen Bestellungen ab 300 CHF ist eine Lieferung im n\u00e4heren Umfeld auf Anfrage m\u00f6glich. <span style=\"text-decoration: underline;\">Unsere Adresse ist &gt; <em>Chr\u00fczweg 45, 5413 Birmenstorf<\/em> &lt; <\/span><\/p>\n\n\n\n<hr class=\"wp-block-separator has-alpha-channel-opacity is-style-wide\"\/>\n\n\n\n<h5 class=\"wp-block-heading has-text-align-center\"><strong><span class=\"tadv-color\" style=\"color:#000000\"><span style=\"text-decoration: underline;\">Sonntag und Montag haben wir geschlossen<\/span><\/span><\/strong><\/h5>\n\n\n\n<figure class=\"wp-block-pullquote has-luminous-vivid-orange-color has-text-color has-link-color has-medium-font-size wp-elements-4ac2916c470ec0d00002cc2c0e872408\" style=\"border-width:3px;border-top-left-radius:18px;border-top-right-radius:18px;border-bottom-left-radius:18px;border-bottom-right-radius:18px;margin-top:var(--wp--preset--spacing--60);margin-right:var(--wp--preset--spacing--20);margin-bottom:var(--wp--preset--spacing--60);margin-left:var(--wp--preset--spacing--20);padding-top:var(--wp--preset--spacing--40);padding-right:var(--wp--preset--spacing--80);padding-bottom:var(--wp--preset--spacing--40);padding-left:var(--wp--preset--spacing--80)\"><blockquote><p><em><strong>Betriebsferien von 04.07. &#8211; 27.07.2026<\/strong><\/em><\/p><\/blockquote><\/figure>\n\n\n\n<blockquote class=\"wp-block-quote is-layout-flow wp-block-quote-is-layout-flow\">\n<p class=\"has-text-align-center has-palette-color-1-color has-text-color has-link-color wp-elements-aabd764a5bbc7c86dded54e7ded3ea94\">Gutscheine bestellbar, eine ideale Geschenkidee f\u00fcr jeden&#8230;!<\/p>\n<\/blockquote>\n\n\n\n<figure class=\"wp-block-image aligncenter size-full is-resized\"><img loading=\"lazy\" decoding=\"async\" width=\"200\" height=\"175\" src=\"https:\/\/www.sushiladen.ch\/Sushi\/wp-content\/uploads\/2025\/02\/Gutschein-400x350-JPG-e1739184091817.jpg\" alt=\"\" class=\"wp-image-61\" style=\"width:256px;height:auto\"\/><\/figure>\n\n\n\n<p><\/p>\n\n\n\n<div class=\"wp-block-buttons alignwide is-content-justification-center is-layout-flex wp-container-core-buttons-is-layout-a89b3969 wp-block-buttons-is-layout-flex\">\n<div class=\"wp-block-button has-custom-width wp-block-button__width-50\"><a class=\"wp-block-button__link has-medium-font-size has-custom-font-size wp-element-button\" href=\"https:\/\/www.sushiladen.ch\/Sushi\/?page_id=81\" style=\"border-style:none;border-width:0px;border-radius:12px\">Gutscheine bestellen<\/a><\/div>\n<\/div>\n\n\n\n<figure class=\"wp-block-pullquote has-luminous-vivid-orange-color has-text-color has-link-color has-medium-font-size wp-elements-7aef524d10eecddf7e37e08f104ceed1\" style=\"border-width:3px;border-radius:16px;margin-top:0;margin-bottom:0;padding-top:var(--wp--preset--spacing--20);padding-right:var(--wp--preset--spacing--30);padding-bottom:var(--wp--preset--spacing--20);padding-left:var(--wp--preset--spacing--30)\"><blockquote><p>Es hat wieder viele neue Platten und Rollen&#8230;! Schaut mal rein&#8230;<\/p><\/blockquote><\/figure>\n\n\n\n<p><\/p>\n\n\n\n<p><\/p>\n\n\n\n<h2 class=\"wp-block-heading has-medium-font-size\"><sub><em><strong>Viele verschiedene Sushiplatten, f\u00fcr jeden etwas dabei, probieren Sie es aus\u2026!<\/strong><\/em><\/sub><\/h2>\n\n\n\n<div class=\"wp-block-columns is-not-stacked-on-mobile is-layout-flex wp-container-core-columns-is-layout-28f84493 wp-block-columns-is-layout-flex\">\n<div class=\"wp-block-column is-layout-flow wp-block-column-is-layout-flow\" style=\"flex-basis:100%\">\n<figure class=\"wp-block-gallery has-nested-images columns-default is-cropped wp-block-gallery-1 is-layout-flex wp-block-gallery-is-layout-flex\">\n<figure class=\"wp-block-image size-large\"><img loading=\"lazy\" decoding=\"async\" width=\"300\" height=\"200\" data-id=\"38\" src=\"https:\/\/www.sushiladen.ch\/Sushi\/wp-content\/uploads\/2025\/02\/Sashimi-Gross-300x200-JPG.jpg\" alt=\"\" class=\"wp-image-38\"\/><\/figure>\n\n\n\n<figure class=\"wp-block-image size-large\"><img loading=\"lazy\" decoding=\"async\" width=\"300\" height=\"225\" data-id=\"41\" src=\"https:\/\/www.sushiladen.ch\/Sushi\/wp-content\/uploads\/2025\/02\/Tempurashrimps-300x225-JPG.jpg\" alt=\"\" class=\"wp-image-41\"\/><\/figure>\n\n\n\n<figure class=\"wp-block-image size-large\"><img loading=\"lazy\" decoding=\"async\" width=\"400\" height=\"250\" data-id=\"323\" src=\"https:\/\/www.sushiladen.ch\/Sushi\/wp-content\/uploads\/2025\/02\/Party_Uri-Omori-400x250-4-5P.jpg\" alt=\"\" class=\"wp-image-323\" srcset=\"https:\/\/www.sushiladen.ch\/Sushi\/wp-content\/uploads\/2025\/02\/Party_Uri-Omori-400x250-4-5P.jpg 400w, https:\/\/www.sushiladen.ch\/Sushi\/wp-content\/uploads\/2025\/02\/Party_Uri-Omori-400x250-4-5P-300x188.jpg 300w\" sizes=\"auto, (max-width: 400px) 100vw, 400px\" \/><\/figure>\n\n\n\n<figure class=\"wp-block-image size-large\"><img loading=\"lazy\" decoding=\"async\" width=\"200\" height=\"200\" data-id=\"59\" src=\"https:\/\/www.sushiladen.ch\/Sushi\/wp-content\/uploads\/2025\/02\/Ingwer-200x200-JPG.jpg\" alt=\"\" class=\"wp-image-59\" srcset=\"https:\/\/www.sushiladen.ch\/Sushi\/wp-content\/uploads\/2025\/02\/Ingwer-200x200-JPG.jpg 200w, https:\/\/www.sushiladen.ch\/Sushi\/wp-content\/uploads\/2025\/02\/Ingwer-200x200-JPG-150x150.jpg 150w\" sizes=\"auto, (max-width: 200px) 100vw, 200px\" \/><\/figure>\n\n\n\n<figure class=\"wp-block-image size-large\"><img loading=\"lazy\" decoding=\"async\" width=\"400\" height=\"350\" data-id=\"54\" src=\"https:\/\/www.sushiladen.ch\/Sushi\/wp-content\/uploads\/2025\/02\/Samurai-400x350-JPG.jpg\" alt=\"\" class=\"wp-image-54\" srcset=\"https:\/\/www.sushiladen.ch\/Sushi\/wp-content\/uploads\/2025\/02\/Samurai-400x350-JPG.jpg 400w, https:\/\/www.sushiladen.ch\/Sushi\/wp-content\/uploads\/2025\/02\/Samurai-400x350-JPG-300x263.jpg 300w\" sizes=\"auto, (max-width: 400px) 100vw, 400px\" \/><\/figure>\n\n\n\n<figure class=\"wp-block-image size-large\"><img loading=\"lazy\" decoding=\"async\" width=\"300\" height=\"225\" data-id=\"44\" src=\"https:\/\/www.sushiladen.ch\/Sushi\/wp-content\/uploads\/2025\/02\/Wakame-300x225-JPG.jpg\" alt=\"\" class=\"wp-image-44\"\/><\/figure>\n\n\n\n<figure class=\"wp-block-image size-large\"><img loading=\"lazy\" decoding=\"async\" width=\"300\" height=\"225\" data-id=\"26\" src=\"https:\/\/www.sushiladen.ch\/Sushi\/wp-content\/uploads\/2025\/02\/Klein-Sashimi-300x225-JPG.jpg\" alt=\"\" class=\"wp-image-26\"\/><\/figure>\n\n\n\n<figure class=\"wp-block-image size-large\"><img loading=\"lazy\" decoding=\"async\" width=\"400\" height=\"350\" data-id=\"55\" src=\"https:\/\/www.sushiladen.ch\/Sushi\/wp-content\/uploads\/2025\/02\/Osaka-400x350-JPG.jpg\" alt=\"\" class=\"wp-image-55\" srcset=\"https:\/\/www.sushiladen.ch\/Sushi\/wp-content\/uploads\/2025\/02\/Osaka-400x350-JPG.jpg 400w, https:\/\/www.sushiladen.ch\/Sushi\/wp-content\/uploads\/2025\/02\/Osaka-400x350-JPG-300x263.jpg 300w\" sizes=\"auto, (max-width: 400px) 100vw, 400px\" \/><\/figure>\n\n\n\n<figure class=\"wp-block-image size-large\"><img loading=\"lazy\" decoding=\"async\" width=\"400\" height=\"350\" data-id=\"56\" src=\"https:\/\/www.sushiladen.ch\/Sushi\/wp-content\/uploads\/2025\/02\/Luxusplatte-400x350-JPG.jpg\" alt=\"\" class=\"wp-image-56\" srcset=\"https:\/\/www.sushiladen.ch\/Sushi\/wp-content\/uploads\/2025\/02\/Luxusplatte-400x350-JPG.jpg 400w, https:\/\/www.sushiladen.ch\/Sushi\/wp-content\/uploads\/2025\/02\/Luxusplatte-400x350-JPG-300x263.jpg 300w\" sizes=\"auto, (max-width: 400px) 100vw, 400px\" \/><\/figure>\n\n\n\n<figure class=\"wp-block-image size-large\"><img loading=\"lazy\" decoding=\"async\" width=\"400\" height=\"350\" data-id=\"46\" src=\"https:\/\/www.sushiladen.ch\/Sushi\/wp-content\/uploads\/2025\/02\/Vegi-Bento-400x350-JPG.jpg\" alt=\"\" class=\"wp-image-46\" srcset=\"https:\/\/www.sushiladen.ch\/Sushi\/wp-content\/uploads\/2025\/02\/Vegi-Bento-400x350-JPG.jpg 400w, https:\/\/www.sushiladen.ch\/Sushi\/wp-content\/uploads\/2025\/02\/Vegi-Bento-400x350-JPG-300x263.jpg 300w\" sizes=\"auto, (max-width: 400px) 100vw, 400px\" \/><\/figure>\n\n\n\n<figure class=\"wp-block-image size-large\"><img loading=\"lazy\" decoding=\"async\" width=\"400\" height=\"350\" data-id=\"57\" src=\"https:\/\/www.sushiladen.ch\/Sushi\/wp-content\/uploads\/2025\/02\/Luxus-Bento-400x350-JPG.jpg\" alt=\"\" class=\"wp-image-57\" srcset=\"https:\/\/www.sushiladen.ch\/Sushi\/wp-content\/uploads\/2025\/02\/Luxus-Bento-400x350-JPG.jpg 400w, https:\/\/www.sushiladen.ch\/Sushi\/wp-content\/uploads\/2025\/02\/Luxus-Bento-400x350-JPG-300x263.jpg 300w\" sizes=\"auto, (max-width: 400px) 100vw, 400px\" \/><\/figure>\n\n\n\n<figure class=\"wp-block-image size-large\"><img loading=\"lazy\" decoding=\"async\" width=\"400\" height=\"350\" data-id=\"50\" src=\"https:\/\/www.sushiladen.ch\/Sushi\/wp-content\/uploads\/2025\/02\/Standard-400x350-JPG.jpg\" alt=\"\" class=\"wp-image-50\" srcset=\"https:\/\/www.sushiladen.ch\/Sushi\/wp-content\/uploads\/2025\/02\/Standard-400x350-JPG.jpg 400w, https:\/\/www.sushiladen.ch\/Sushi\/wp-content\/uploads\/2025\/02\/Standard-400x350-JPG-300x263.jpg 300w\" sizes=\"auto, (max-width: 400px) 100vw, 400px\" \/><\/figure>\n\n\n\n<figure class=\"wp-block-image size-large\"><img loading=\"lazy\" decoding=\"async\" width=\"400\" height=\"350\" data-id=\"47\" src=\"https:\/\/www.sushiladen.ch\/Sushi\/wp-content\/uploads\/2025\/02\/Vegi-400x350-JPG.jpg\" alt=\"\" class=\"wp-image-47\" srcset=\"https:\/\/www.sushiladen.ch\/Sushi\/wp-content\/uploads\/2025\/02\/Vegi-400x350-JPG.jpg 400w, https:\/\/www.sushiladen.ch\/Sushi\/wp-content\/uploads\/2025\/02\/Vegi-400x350-JPG-300x263.jpg 300w\" sizes=\"auto, (max-width: 400px) 100vw, 400px\" \/><\/figure>\n\n\n\n<figure class=\"wp-block-image size-large\"><img loading=\"lazy\" decoding=\"async\" width=\"400\" height=\"350\" data-id=\"53\" src=\"https:\/\/www.sushiladen.ch\/Sushi\/wp-content\/uploads\/2025\/02\/Shibuya-400x350-JPG.jpg\" alt=\"\" class=\"wp-image-53\" srcset=\"https:\/\/www.sushiladen.ch\/Sushi\/wp-content\/uploads\/2025\/02\/Shibuya-400x350-JPG.jpg 400w, https:\/\/www.sushiladen.ch\/Sushi\/wp-content\/uploads\/2025\/02\/Shibuya-400x350-JPG-300x263.jpg 300w\" sizes=\"auto, (max-width: 400px) 100vw, 400px\" \/><\/figure>\n\n\n\n<figure class=\"wp-block-image size-large\"><img loading=\"lazy\" decoding=\"async\" width=\"300\" height=\"225\" data-id=\"20\" src=\"https:\/\/www.sushiladen.ch\/Sushi\/wp-content\/uploads\/2025\/02\/Edamame-300x225-JPG.jpg\" alt=\"\" class=\"wp-image-20\"\/><\/figure>\n\n\n\n<figure class=\"wp-block-image size-full\"><img loading=\"lazy\" decoding=\"async\" width=\"400\" height=\"250\" data-id=\"316\" src=\"https:\/\/www.sushiladen.ch\/Sushi\/wp-content\/uploads\/2025\/02\/Party_Edo-Omori-400x250-6-7P.jpg\" alt=\"\" class=\"wp-image-316\" srcset=\"https:\/\/www.sushiladen.ch\/Sushi\/wp-content\/uploads\/2025\/02\/Party_Edo-Omori-400x250-6-7P.jpg 400w, https:\/\/www.sushiladen.ch\/Sushi\/wp-content\/uploads\/2025\/02\/Party_Edo-Omori-400x250-6-7P-300x188.jpg 300w\" sizes=\"auto, (max-width: 400px) 100vw, 400px\" \/><\/figure>\n\n\n\n<figure class=\"wp-block-image size-large\"><img loading=\"lazy\" decoding=\"async\" width=\"300\" height=\"225\" data-id=\"45\" src=\"https:\/\/www.sushiladen.ch\/Sushi\/wp-content\/uploads\/2025\/02\/Wantan-300x225-JPG.jpg\" alt=\"\" class=\"wp-image-45\"\/><\/figure>\n\n\n\n<figure class=\"wp-block-image size-large\"><img loading=\"lazy\" decoding=\"async\" width=\"300\" height=\"225\" data-id=\"22\" src=\"https:\/\/www.sushiladen.ch\/Sushi\/wp-content\/uploads\/2025\/02\/Fruehlingsrollen-300x225-JPG.jpg\" alt=\"\" class=\"wp-image-22\"\/><\/figure>\n<\/figure>\n<\/div>\n<\/div>\n\n\n\n<div class=\"wp-block-buttons alignwide is-content-justification-center is-layout-flex wp-container-core-buttons-is-layout-a89b3969 wp-block-buttons-is-layout-flex\">\n<div class=\"wp-block-button has-custom-width wp-block-button__width-50\"><a class=\"wp-block-button__link has-medium-font-size has-custom-font-size wp-element-button\" href=\"https:\/\/www.sushiladen.ch\/Sushi\/?page_id=268\" style=\"border-style:none;border-width:0px;border-radius:12px\">Sushi bestellen<\/a><\/div>\n<\/div>\n\n\n\n<p><\/p>\n","protected":false},"excerpt":{"rendered":"<p>Willkommen im SushiLaden Da wir kein Restaurant sind, fertigen wir Sushi nur auf Vorbestellung und zum Abholen an. Bei gr\u00f6\u00dferen Bestellungen ab 300 CHF ist eine Lieferung im n\u00e4heren Umfeld auf Anfrage m\u00f6glich. Unsere Adresse ist &gt; Chr\u00fczweg 45, 5413 Birmenstorf &lt; Sonntag und Montag haben wir geschlossen Betriebsferien von 04.07. &#8211; 27.07.2026 Gutscheine bestellbar, [&hellip;]<\/p>\n","protected":false},"author":1,"featured_media":0,"parent":0,"menu_order":0,"comment_status":"closed","ping_status":"closed","template":"","meta":{"footnotes":""},"class_list":["post-10","page","type-page","status-publish","hentry"],"blocksy_meta":[],"yoast_head":"<!-- This site is optimized with the Yoast SEO plugin v27.4 - https:\/\/yoast.com\/product\/yoast-seo-wordpress\/ -->\n<title>Home - SushilLaden<\/title>\n<meta name=\"robots\" content=\"index, follow, max-snippet:-1, max-image-preview:large, max-video-preview:-1\" \/>\n<link rel=\"canonical\" href=\"https:\/\/www.sushiladen.ch\/Sushi\/\" \/>\n<meta property=\"og:locale\" content=\"de_DE\" \/>\n<meta property=\"og:type\" content=\"article\" \/>\n<meta property=\"og:title\" content=\"Home - SushilLaden\" \/>\n<meta property=\"og:description\" content=\"Willkommen im SushiLaden Da wir kein Restaurant sind, fertigen wir Sushi nur auf Vorbestellung und zum Abholen an. Bei gr\u00f6\u00dferen Bestellungen ab 300 CHF ist eine Lieferung im n\u00e4heren Umfeld auf Anfrage m\u00f6glich. Unsere Adresse ist &gt; Chr\u00fczweg 45, 5413 Birmenstorf &lt; Sonntag und Montag haben wir geschlossen Betriebsferien von 04.07. &#8211; 27.07.2026 Gutscheine bestellbar, [&hellip;]\" \/>\n<meta property=\"og:url\" content=\"https:\/\/www.sushiladen.ch\/Sushi\/\" \/>\n<meta property=\"og:site_name\" content=\"SushilLaden\" \/>\n<meta property=\"article:modified_time\" content=\"2026-03-18T20:24:15+00:00\" \/>\n<meta property=\"og:image\" content=\"https:\/\/www.sushiladen.ch\/Sushi\/wp-content\/uploads\/2025\/02\/Logo_final.png\" \/>\n\t<meta property=\"og:image:width\" content=\"480\" \/>\n\t<meta property=\"og:image:height\" content=\"182\" \/>\n\t<meta property=\"og:image:type\" content=\"image\/png\" \/>\n<meta name=\"twitter:card\" content=\"summary_large_image\" \/>\n<meta name=\"twitter:label1\" content=\"Gesch\u00e4tzte Lesezeit\" \/>\n\t<meta name=\"twitter:data1\" content=\"5\u00a0Minuten\" \/>\n<script type=\"application\/ld+json\" class=\"yoast-schema-graph\">{\"@context\":\"https:\\\/\\\/schema.org\",\"@graph\":[{\"@type\":\"WebPage\",\"@id\":\"https:\\\/\\\/www.sushiladen.ch\\\/Sushi\\\/\",\"url\":\"https:\\\/\\\/www.sushiladen.ch\\\/Sushi\\\/\",\"name\":\"Home - SushilLaden\",\"isPartOf\":{\"@id\":\"https:\\\/\\\/www.sushiladen.ch\\\/Sushi\\\/#website\"},\"primaryImageOfPage\":{\"@id\":\"https:\\\/\\\/www.sushiladen.ch\\\/Sushi\\\/#primaryimage\"},\"image\":{\"@id\":\"https:\\\/\\\/www.sushiladen.ch\\\/Sushi\\\/#primaryimage\"},\"thumbnailUrl\":\"https:\\\/\\\/www.sushiladen.ch\\\/Sushi\\\/wp-content\\\/uploads\\\/2025\\\/02\\\/Logo_final.png\",\"datePublished\":\"2025-02-10T10:50:48+00:00\",\"dateModified\":\"2026-03-18T20:24:15+00:00\",\"breadcrumb\":{\"@id\":\"https:\\\/\\\/www.sushiladen.ch\\\/Sushi\\\/#breadcrumb\"},\"inLanguage\":\"de\",\"potentialAction\":[{\"@type\":\"ReadAction\",\"target\":[\"https:\\\/\\\/www.sushiladen.ch\\\/Sushi\\\/\"]}]},{\"@type\":\"ImageObject\",\"inLanguage\":\"de\",\"@id\":\"https:\\\/\\\/www.sushiladen.ch\\\/Sushi\\\/#primaryimage\",\"url\":\"https:\\\/\\\/www.sushiladen.ch\\\/Sushi\\\/wp-content\\\/uploads\\\/2025\\\/02\\\/Logo_final.png\",\"contentUrl\":\"https:\\\/\\\/www.sushiladen.ch\\\/Sushi\\\/wp-content\\\/uploads\\\/2025\\\/02\\\/Logo_final.png\",\"width\":480,\"height\":182},{\"@type\":\"BreadcrumbList\",\"@id\":\"https:\\\/\\\/www.sushiladen.ch\\\/Sushi\\\/#breadcrumb\",\"itemListElement\":[{\"@type\":\"ListItem\",\"position\":1,\"name\":\"Startseite\",\"item\":\"https:\\\/\\\/www.sushiladen.ch\\\/Sushi\\\/\"},{\"@type\":\"ListItem\",\"position\":2,\"name\":\"Home\"}]},{\"@type\":\"WebSite\",\"@id\":\"https:\\\/\\\/www.sushiladen.ch\\\/Sushi\\\/#website\",\"url\":\"https:\\\/\\\/www.sushiladen.ch\\\/Sushi\\\/\",\"name\":\"SushilLaden\",\"description\":\"\",\"potentialAction\":[{\"@type\":\"SearchAction\",\"target\":{\"@type\":\"EntryPoint\",\"urlTemplate\":\"https:\\\/\\\/www.sushiladen.ch\\\/Sushi\\\/?s={search_term_string}\"},\"query-input\":{\"@type\":\"PropertyValueSpecification\",\"valueRequired\":true,\"valueName\":\"search_term_string\"}}],\"inLanguage\":\"de\"}]}<\/script>\n<!-- \/ Yoast SEO plugin. -->","yoast_head_json":{"title":"Home - SushilLaden","robots":{"index":"index","follow":"follow","max-snippet":"max-snippet:-1","max-image-preview":"max-image-preview:large","max-video-preview":"max-video-preview:-1"},"canonical":"https:\/\/www.sushiladen.ch\/Sushi\/","og_locale":"de_DE","og_type":"article","og_title":"Home - SushilLaden","og_description":"Willkommen im SushiLaden Da wir kein Restaurant sind, fertigen wir Sushi nur auf Vorbestellung und zum Abholen an. Bei gr\u00f6\u00dferen Bestellungen ab 300 CHF ist eine Lieferung im n\u00e4heren Umfeld auf Anfrage m\u00f6glich. Unsere Adresse ist &gt; Chr\u00fczweg 45, 5413 Birmenstorf &lt; Sonntag und Montag haben wir geschlossen Betriebsferien von 04.07. &#8211; 27.07.2026 Gutscheine bestellbar, [&hellip;]","og_url":"https:\/\/www.sushiladen.ch\/Sushi\/","og_site_name":"SushilLaden","article_modified_time":"2026-03-18T20:24:15+00:00","og_image":[{"width":480,"height":182,"url":"https:\/\/www.sushiladen.ch\/Sushi\/wp-content\/uploads\/2025\/02\/Logo_final.png","type":"image\/png"}],"twitter_card":"summary_large_image","twitter_misc":{"Gesch\u00e4tzte Lesezeit":"5\u00a0Minuten"},"schema":{"@context":"https:\/\/schema.org","@graph":[{"@type":"WebPage","@id":"https:\/\/www.sushiladen.ch\/Sushi\/","url":"https:\/\/www.sushiladen.ch\/Sushi\/","name":"Home - SushilLaden","isPartOf":{"@id":"https:\/\/www.sushiladen.ch\/Sushi\/#website"},"primaryImageOfPage":{"@id":"https:\/\/www.sushiladen.ch\/Sushi\/#primaryimage"},"image":{"@id":"https:\/\/www.sushiladen.ch\/Sushi\/#primaryimage"},"thumbnailUrl":"https:\/\/www.sushiladen.ch\/Sushi\/wp-content\/uploads\/2025\/02\/Logo_final.png","datePublished":"2025-02-10T10:50:48+00:00","dateModified":"2026-03-18T20:24:15+00:00","breadcrumb":{"@id":"https:\/\/www.sushiladen.ch\/Sushi\/#breadcrumb"},"inLanguage":"de","potentialAction":[{"@type":"ReadAction","target":["https:\/\/www.sushiladen.ch\/Sushi\/"]}]},{"@type":"ImageObject","inLanguage":"de","@id":"https:\/\/www.sushiladen.ch\/Sushi\/#primaryimage","url":"https:\/\/www.sushiladen.ch\/Sushi\/wp-content\/uploads\/2025\/02\/Logo_final.png","contentUrl":"https:\/\/www.sushiladen.ch\/Sushi\/wp-content\/uploads\/2025\/02\/Logo_final.png","width":480,"height":182},{"@type":"BreadcrumbList","@id":"https:\/\/www.sushiladen.ch\/Sushi\/#breadcrumb","itemListElement":[{"@type":"ListItem","position":1,"name":"Startseite","item":"https:\/\/www.sushiladen.ch\/Sushi\/"},{"@type":"ListItem","position":2,"name":"Home"}]},{"@type":"WebSite","@id":"https:\/\/www.sushiladen.ch\/Sushi\/#website","url":"https:\/\/www.sushiladen.ch\/Sushi\/","name":"SushilLaden","description":"","potentialAction":[{"@type":"SearchAction","target":{"@type":"EntryPoint","urlTemplate":"https:\/\/www.sushiladen.ch\/Sushi\/?s={search_term_string}"},"query-input":{"@type":"PropertyValueSpecification","valueRequired":true,"valueName":"search_term_string"}}],"inLanguage":"de"}]}},"_links":{"self":[{"href":"https:\/\/www.sushiladen.ch\/Sushi\/index.php?rest_route=\/wp\/v2\/pages\/10","targetHints":{"allow":["GET"]}}],"collection":[{"href":"https:\/\/www.sushiladen.ch\/Sushi\/index.php?rest_route=\/wp\/v2\/pages"}],"about":[{"href":"https:\/\/www.sushiladen.ch\/Sushi\/index.php?rest_route=\/wp\/v2\/types\/page"}],"author":[{"embeddable":true,"href":"https:\/\/www.sushiladen.ch\/Sushi\/index.php?rest_route=\/wp\/v2\/users\/1"}],"replies":[{"embeddable":true,"href":"https:\/\/www.sushiladen.ch\/Sushi\/index.php?rest_route=%2Fwp%2Fv2%2Fcomments&post=10"}],"version-history":[{"count":26,"href":"https:\/\/www.sushiladen.ch\/Sushi\/index.php?rest_route=\/wp\/v2\/pages\/10\/revisions"}],"predecessor-version":[{"id":1545,"href":"https:\/\/www.sushiladen.ch\/Sushi\/index.php?rest_route=\/wp\/v2\/pages\/10\/revisions\/1545"}],"wp:attachment":[{"href":"https:\/\/www.sushiladen.ch\/Sushi\/index.php?rest_route=%2Fwp%2Fv2%2Fmedia&parent=10"}],"curies":[{"name":"wp","href":"https:\/\/api.w.org\/{rel}","templated":true}]}}